{"id":5371,"date":"2014-03-17T17:06:48","date_gmt":"2014-03-17T15:06:48","guid":{"rendered":"https:\/\/www.kanellos.gr\/?page_id=5371"},"modified":"2026-04-09T12:37:15","modified_gmt":"2026-04-09T10:37:15","slug":"startseite","status":"publish","type":"page","link":"http:\/\/www.kanellos.gr\/de\/","title":{"rendered":"Startseite"},"content":{"rendered":"<section class=\"l-section wpb_row height_auto full_height valign_center width_full with_img parallax_ver\"><div class=\"l-section-img\" role=\"img\" data-img-width=\"1920\" data-img-height=\"1440\" style=\"background-image: url(http:\/\/www.kanellos.gr\/wp-content\/uploads\/2018\/10\/01-2-e1751525289176.jpg);background-repeat: no-repeat;\"><\/div><div class=\"l-section-h i-cf\"><div class=\"g-cols vc_row via_grid cols_1 laptops-cols_inherit tablets-cols_inherit mobiles-cols_1 valign_top type_default stacking_default\"><div class=\"wpb_column vc_column_container\"><div class=\"vc_column-inner\">[vc_custom_heading text=\"Minimal Invasive Chirurgie<br \/>\nProctologische Chirurgie\" font_container=\"tag:h2|font_size:40px|text_align:center|color:%23ffffff\" use_theme_fonts=\"yes\" el_class=\"desktop\" css=\"%7B%22default%22%3A%7B%22font-size%22%3A%22%22%2C%22font-weight%22%3A%22200%22%7D%2C%22laptops%22%3A%7B%22font-size%22%3A%22%22%2C%22font-weight%22%3A%22200%22%7D%2C%22tablets%22%3A%7B%22font-size%22%3A%22%22%2C%22font-weight%22%3A%22200%22%7D%2C%22mobiles%22%3A%7B%22font-size%22%3A%2226px%22%2C%22font-weight%22%3A%22200%22%7D%7D\"][vc_custom_heading text=\"Minimal<br \/>\nInvasive<br \/>\nChirurgie\" font_container=\"tag:h2|font_size:40px|text_align:center|color:%23ffffff\" use_theme_fonts=\"yes\" el_class=\"mobile\" css=\"%7B%22default%22%3A%7B%22font-size%22%3A%22%22%2C%22font-weight%22%3A%22%22%2C%22margin-top%22%3A%22%22%7D%2C%22laptops%22%3A%7B%22font-size%22%3A%22%22%2C%22font-weight%22%3A%22200%22%2C%22margin-top%22%3A%22%22%7D%2C%22tablets%22%3A%7B%22font-size%22%3A%22%22%2C%22font-weight%22%3A%22200%22%2C%22margin-top%22%3A%22%22%7D%2C%22mobiles%22%3A%7B%22font-size%22%3A%2226px%22%2C%22font-weight%22%3A%22200%22%2C%22margin-top%22%3A%22-50px%22%7D%7D\"][vc_custom_heading text=\"Proctologische<br \/>\nChirurgie\" font_container=\"tag:h2|font_size:40px|text_align:center|color:%23ffffff\" use_theme_fonts=\"yes\" el_class=\"mobile\" css=\"%7B%22default%22%3A%7B%22font-size%22%3A%22%22%2C%22font-weight%22%3A%22%22%7D%2C%22laptops%22%3A%7B%22font-size%22%3A%22%22%2C%22font-weight%22%3A%22200%22%7D%2C%22tablets%22%3A%7B%22font-size%22%3A%22%22%2C%22font-weight%22%3A%22200%22%7D%2C%22mobiles%22%3A%7B%22font-size%22%3A%2226px%22%2C%22font-weight%22%3A%22200%22%7D%7D\"]<\/div><\/div><\/div><\/div><\/section><section class=\"l-section wpb_row us_custom_82146660 intro-home height_large\"><div class=\"l-section-overlay\" style=\"background:#ffffff\"><\/div><div class=\"l-section-h i-cf\"><div class=\"g-cols vc_row via_grid cols_1 laptops-cols_inherit tablets-cols_inherit mobiles-cols_1 valign_top type_default stacking_default\"><div class=\"wpb_column vc_column_container us_animate_afb\" style=\"animation-delay:0.4s\"><div class=\"vc_column-inner\">[vc_custom_heading text=\"Chirurg in Thessaloniki &#8211; Dr. med. Dimitrios Kanellos\" font_container=\"tag:h1|font_size:30|text_align:left\" use_theme_fonts=\"yes\" css=\"%7B%22default%22%3A%7B%22color%22%3A%22%2325589F%22%2C%22font-size%22%3A%2230%22%7D%2C%22laptops%22%3A%7B%22color%22%3A%22%22%2C%22font-size%22%3A%2230%22%7D%2C%22tablets%22%3A%7B%22color%22%3A%22%22%2C%22font-size%22%3A%2230%22%7D%2C%22mobiles%22%3A%7B%22color%22%3A%22%22%2C%22font-size%22%3A%2230%22%7D%7D\"]<div class=\"g-cols wpb_row textswithli via_grid cols_1-3 laptops-cols_inherit tablets-cols_inherit mobiles-cols_1 valign_top type_default stacking_default\" style=\"--gap:3rem;\"><div class=\"wpb_column vc_column_container\"><div class=\"vc_column-inner\"><div class=\"wpb_text_column\"><div class=\"wpb_wrapper\"><p><a ref=\"magnificPopup\" href=\"https:\/\/www.kanellos.gr\/wp-content\/uploads\/2025\/05\/DSC_8422-L2-scaled.jpg\"><img loading=\"lazy\" decoding=\"async\" class=\"alignleft size-large wp-image-12373\" src=\"http:\/\/www.kanellos.gr\/wp-content\/uploads\/2025\/05\/DSC_8422-L2-668x1024.jpg\" alt=\"\" width=\"668\" height=\"1024\" srcset=\"http:\/\/www.kanellos.gr\/wp-content\/uploads\/2025\/05\/DSC_8422-L2-668x1024.jpg 668w, http:\/\/www.kanellos.gr\/wp-content\/uploads\/2025\/05\/DSC_8422-L2-196x300.jpg 196w, http:\/\/www.kanellos.gr\/wp-content\/uploads\/2025\/05\/DSC_8422-L2-scaled.jpg 1670w\" sizes=\"auto, (max-width: 668px) 100vw, 668px\" \/><\/a><\/p>\n<\/div><\/div><\/div><\/div><div class=\"wpb_column vc_column_container\"><div class=\"vc_column-inner\"><div class=\"wpb_text_column\"><div class=\"wpb_wrapper\"><p>Der\u00a0<strong>Chirurg\u00a0<\/strong>Dr. med. Dimitrios Kanellos, aus- und weitergebildet \u00fcber\u00a0<strong>7 Jahre in Deutschland<\/strong>, ist im Bereich der Allgemein- und Viszeralchirurgie t\u00e4tig und befasst sich mit folgenden Schwerpunkten:<\/p>\n<ul>\n<li><strong>Minimal Invasive Chirurgie (laparoskopische \/ robotische Chirurgie)<\/strong>\u00a0der folgenden Organen \/ Erkrankungen: Hernia \/ Bruch, D\u00fcnn- und Dickdarm, Magen, Bariatrische- \/ Adipositaschirurgie, Gallenblase, Blinddarm, Milz, Nebennieren, Onkologische Chirurgie<\/li>\n<li><strong>Proktologie<\/strong>, z.B. H\u00e4morrhoiden, Analfissur, periproktitischer Abszess, Perianale Fistel, Stei\u00dfbeinfistel, Condylomata Acuminata usw.<\/li>\n<\/ul>\n<p>Dr. med. D. Kanellos ist als Chirurg (<strong>Chirurg f\u00fcr laparoskopische Chirurgie<\/strong> &amp; <strong>Proktologe<\/strong>) in <strong>Thessaloniki (Griechenland)\u00a0<\/strong>bei den Privatkliniken <strong>Interbalkan Medical Center<\/strong> und <strong>St. Lukas<\/strong> t\u00e4tig und unterh\u00e4lt eine Privatpraxis (<strong>Zentrum f\u00fcr Minimal Invasive Chirurgie &amp; Proktologisches Zentrum<\/strong>).<\/p>\n<\/div><\/div><div class=\"w-separator size_custom\" style=\"height:20px\"><\/div><div class=\"w-btn-wrapper align_none\"><a class=\"w-btn us-btn-style_4 us_custom_1e0e9307\" href=\"https:\/\/www.kanellos.gr\/de\/lebenslauf\/\"><span class=\"w-btn-label\">Lebenslauf<\/span><\/a><\/div><\/div><\/div><\/div><\/div><\/div><\/div><\/div><\/section>\n","protected":false},"excerpt":{"rendered":"[vc_custom_heading text=\"Minimal Invasive Chirurgie Proctologische Chirurgie\" font_container=\"tag:h2|font_size:40px|text_align:center|color:%23ffffff\" use_theme_fonts=\"yes\" el_class=\"desktop\" css=\"%7B%22default%22%3A%7B%22font-size%22%3A%22%22%2C%22font-weight%22%3A%22200%22%7D%2C%22laptops%22%3A%7B%22font-size%22%3A%22%22%2C%22font-weight%22%3A%22200%22%7D%2C%22tablets%22%3A%7B%22font-size%22%3A%22%22%2C%22font-weight%22%3A%22200%22%7D%2C%22mobiles%22%3A%7B%22font-size%22%3A%2226px%22%2C%22font-weight%22%3A%22200%22%7D%7D\"][vc_custom_heading text=\"Minimal Invasive Chirurgie\" font_container=\"tag:h2|font_size:40px|text_align:center|color:%23ffffff\" use_theme_fonts=\"yes\" el_class=\"mobile\" css=\"%7B%22default%22%3A%7B%22font-size%22%3A%22%22%2C%22font-weight%22%3A%22%22%2C%22margin-top%22%3A%22%22%7D%2C%22laptops%22%3A%7B%22font-size%22%3A%22%22%2C%22font-weight%22%3A%22200%22%2C%22margin-top%22%3A%22%22%7D%2C%22tablets%22%3A%7B%22font-size%22%3A%22%22%2C%22font-weight%22%3A%22200%22%2C%22margin-top%22%3A%22%22%7D%2C%22mobiles%22%3A%7B%22font-size%22%3A%2226px%22%2C%22font-weight%22%3A%22200%22%2C%22margin-top%22%3A%22-50px%22%7D%7D\"][vc_custom_heading text=\"Proctologische Chirurgie\" font_container=\"tag:h2|font_size:40px|text_align:center|color:%23ffffff\" use_theme_fonts=\"yes\" el_class=\"mobile\" css=\"%7B%22default%22%3A%7B%22font-size%22%3A%22%22%2C%22font-weight%22%3A%22%22%7D%2C%22laptops%22%3A%7B%22font-size%22%3A%22%22%2C%22font-weight%22%3A%22200%22%7D%2C%22tablets%22%3A%7B%22font-size%22%3A%22%22%2C%22font-weight%22%3A%22200%22%7D%2C%22mobiles%22%3A%7B%22font-size%22%3A%2226px%22%2C%22font-weight%22%3A%22200%22%7D%7D\"][vc_custom_heading text=\"Chirurg in Thessaloniki - Dr. med. Dimitrios Kanellos\" font_container=\"tag:h1|font_size:30|text_align:left\" use_theme_fonts=\"yes\" css=\"%7B%22default%22%3A%7B%22color%22%3A%22%2325589F%22%2C%22font-size%22%3A%2230%22%7D%2C%22laptops%22%3A%7B%22color%22%3A%22%22%2C%22font-size%22%3A%2230%22%7D%2C%22tablets%22%3A%7B%22color%22%3A%22%22%2C%22font-size%22%3A%2230%22%7D%2C%22mobiles%22%3A%7B%22color%22%3A%22%22%2C%22font-size%22%3A%2230%22%7D%7D\"] Der\u00a0Chirurg\u00a0Dr. med. Dimitrios Kanellos, aus- und weitergebildet \u00fcber\u00a07 Jahre in Deutschland, ist im Bereich der Allgemein- und Viszeralchirurgie t\u00e4tig und befasst...","protected":false},"author":1,"featured_media":0,"parent":0,"menu_order":0,"comment_status":"closed","ping_status":"closed","template":"","meta":{"_acf_changed":false,"_monsterinsights_skip_tracking":false,"_monsterinsights_sitenote_active":false,"_monsterinsights_sitenote_note":"","_monsterinsights_sitenote_category":0,"footnotes":""},"class_list":["post-5371","page","type-page","status-publish","hentry"],"acf":[],"yoast_head":"<!-- This site is optimized with the Yoast SEO plugin v23.9 - https:\/\/yoast.com\/wordpress\/plugins\/seo\/ -->\n<title>Chirurg - Thessaloniki - Dr. med. Dimitrios Kanellos - Proktologe<\/title>\n<meta name=\"description\" content=\"Allgemeine Chirurgie, minimal invasive Chirurgie (laparoskopische Chirurgie) und Proktologie. Dr. med. Dimitrios Kanellos, Facharzt f\u00fcr Chirurgie und Proktologe (Zentrum f\u00fcr Minimal Invasive Chirurgie und Proktologisches Zentrum) in Thessaloniki, Griechenland.\" \/>\n<meta name=\"robots\" content=\"index, follow, max-snippet:-1, max-image-preview:large, max-video-preview:-1\" \/>\n<link rel=\"canonical\" href=\"https:\/\/www.kanellos.gr\/de\/\" \/>\n<meta property=\"og:locale\" content=\"de_DE\" \/>\n<meta property=\"og:type\" content=\"article\" \/>\n<meta property=\"og:title\" content=\"Chirurg - Thessaloniki - Dr. med. Dimitrios Kanellos - Proktologe\" \/>\n<meta property=\"og:description\" content=\"Allgemeine Chirurgie, minimal invasive Chirurgie (laparoskopische Chirurgie) und Proktologie. Dr. med. Dimitrios Kanellos, Facharzt f\u00fcr Chirurgie und Proktologe (Zentrum f\u00fcr Minimal Invasive Chirurgie und Proktologisches Zentrum) in Thessaloniki, Griechenland.\" \/>\n<meta property=\"og:url\" content=\"https:\/\/www.kanellos.gr\/de\/\" \/>\n<meta property=\"og:site_name\" content=\"\u03a7\u03b5\u03b9\u03c1\u03bf\u03c5\u03c1\u03b3\u03cc\u03c2 \u03c3\u03c4\u03b7 \u0398\u03b5\u03c3\u03c3\u03b1\u03bb\u03bf\u03bd\u03af\u03ba\u03b7 \/ Dr. \u0394\u03b7\u03bc\u03ae\u03c4\u03c1\u03b9\u03bf\u03c2 \u039a\u03b1\u03bd\u03ad\u03bb\u03bb\u03bf\u03c2\" \/>\n<meta property=\"article:modified_time\" content=\"2026-04-09T10:37:15+00:00\" \/>\n<meta property=\"og:image\" content=\"http:\/\/www.kanellos.gr\/wp-content\/uploads\/2025\/05\/DSC_8422-L2-668x1024.jpg\" \/>\n<meta name=\"twitter:label1\" content=\"Gesch\u00e4tzte Lesezeit\" \/>\n\t<meta name=\"twitter:data1\" content=\"2\u00a0Minuten\" \/>\n<script type=\"application\/ld+json\" class=\"yoast-schema-graph\">{\"@context\":\"https:\/\/schema.org\",\"@graph\":[{\"@type\":\"WebPage\",\"@id\":\"https:\/\/www.kanellos.gr\/de\/\",\"url\":\"https:\/\/www.kanellos.gr\/de\/\",\"name\":\"Chirurg - Thessaloniki - Dr. med. Dimitrios Kanellos - Proktologe\",\"isPartOf\":{\"@id\":\"https:\/\/www.kanellos.gr\/#website\"},\"primaryImageOfPage\":{\"@id\":\"https:\/\/www.kanellos.gr\/de\/#primaryimage\"},\"image\":{\"@id\":\"https:\/\/www.kanellos.gr\/de\/#primaryimage\"},\"thumbnailUrl\":\"http:\/\/www.kanellos.gr\/wp-content\/uploads\/2025\/05\/DSC_8422-L2-668x1024.jpg\",\"datePublished\":\"2014-03-17T15:06:48+00:00\",\"dateModified\":\"2026-04-09T10:37:15+00:00\",\"description\":\"Allgemeine Chirurgie, minimal invasive Chirurgie (laparoskopische Chirurgie) und Proktologie. Dr. med. Dimitrios Kanellos, Facharzt f\u00fcr Chirurgie und Proktologe (Zentrum f\u00fcr Minimal Invasive Chirurgie und Proktologisches Zentrum) in Thessaloniki, Griechenland.\",\"breadcrumb\":{\"@id\":\"https:\/\/www.kanellos.gr\/de\/#breadcrumb\"},\"inLanguage\":\"de\",\"potentialAction\":[{\"@type\":\"ReadAction\",\"target\":[\"https:\/\/www.kanellos.gr\/de\/\"]}]},{\"@type\":\"ImageObject\",\"inLanguage\":\"de\",\"@id\":\"https:\/\/www.kanellos.gr\/de\/#primaryimage\",\"url\":\"http:\/\/www.kanellos.gr\/wp-content\/uploads\/2025\/05\/DSC_8422-L2-668x1024.jpg\",\"contentUrl\":\"http:\/\/www.kanellos.gr\/wp-content\/uploads\/2025\/05\/DSC_8422-L2-668x1024.jpg\"},{\"@type\":\"BreadcrumbList\",\"@id\":\"https:\/\/www.kanellos.gr\/de\/#breadcrumb\",\"itemListElement\":[{\"@type\":\"ListItem\",\"position\":1,\"name\":\"Home\",\"item\":\"https:\/\/www.kanellos.gr\/de\/\"},{\"@type\":\"ListItem\",\"position\":2,\"name\":\"Startseite\"}]},{\"@type\":\"WebSite\",\"@id\":\"https:\/\/www.kanellos.gr\/#website\",\"url\":\"https:\/\/www.kanellos.gr\/\",\"name\":\"\u03a7\u03b5\u03b9\u03c1\u03bf\u03c5\u03c1\u03b3\u03cc\u03c2 \u03c3\u03c4\u03b7 \u0398\u03b5\u03c3\u03c3\u03b1\u03bb\u03bf\u03bd\u03af\u03ba\u03b7 \/ Dr. \u0394\u03b7\u03bc\u03ae\u03c4\u03c1\u03b9\u03bf\u03c2 \u039a\u03b1\u03bd\u03ad\u03bb\u03bb\u03bf\u03c2\",\"description\":\"\",\"potentialAction\":[{\"@type\":\"SearchAction\",\"target\":{\"@type\":\"EntryPoint\",\"urlTemplate\":\"https:\/\/www.kanellos.gr\/?s={search_term_string}\"},\"query-input\":{\"@type\":\"PropertyValueSpecification\",\"valueRequired\":true,\"valueName\":\"search_term_string\"}}],\"inLanguage\":\"de\"}]}<\/script>\n<!-- \/ Yoast SEO plugin. -->","yoast_head_json":{"title":"Chirurg - Thessaloniki - Dr. med. Dimitrios Kanellos - Proktologe","description":"Allgemeine Chirurgie, minimal invasive Chirurgie (laparoskopische Chirurgie) und Proktologie. Dr. med. Dimitrios Kanellos, Facharzt f\u00fcr Chirurgie und Proktologe (Zentrum f\u00fcr Minimal Invasive Chirurgie und Proktologisches Zentrum) in Thessaloniki, Griechenland.","robots":{"index":"index","follow":"follow","max-snippet":"max-snippet:-1","max-image-preview":"max-image-preview:large","max-video-preview":"max-video-preview:-1"},"canonical":"https:\/\/www.kanellos.gr\/de\/","og_locale":"de_DE","og_type":"article","og_title":"Chirurg - Thessaloniki - Dr. med. Dimitrios Kanellos - Proktologe","og_description":"Allgemeine Chirurgie, minimal invasive Chirurgie (laparoskopische Chirurgie) und Proktologie. Dr. med. Dimitrios Kanellos, Facharzt f\u00fcr Chirurgie und Proktologe (Zentrum f\u00fcr Minimal Invasive Chirurgie und Proktologisches Zentrum) in Thessaloniki, Griechenland.","og_url":"https:\/\/www.kanellos.gr\/de\/","og_site_name":"\u03a7\u03b5\u03b9\u03c1\u03bf\u03c5\u03c1\u03b3\u03cc\u03c2 \u03c3\u03c4\u03b7 \u0398\u03b5\u03c3\u03c3\u03b1\u03bb\u03bf\u03bd\u03af\u03ba\u03b7 \/ Dr. \u0394\u03b7\u03bc\u03ae\u03c4\u03c1\u03b9\u03bf\u03c2 \u039a\u03b1\u03bd\u03ad\u03bb\u03bb\u03bf\u03c2","article_modified_time":"2026-04-09T10:37:15+00:00","og_image":[{"url":"http:\/\/www.kanellos.gr\/wp-content\/uploads\/2025\/05\/DSC_8422-L2-668x1024.jpg"}],"twitter_misc":{"Gesch\u00e4tzte Lesezeit":"2\u00a0Minuten"},"schema":{"@context":"https:\/\/schema.org","@graph":[{"@type":"WebPage","@id":"https:\/\/www.kanellos.gr\/de\/","url":"https:\/\/www.kanellos.gr\/de\/","name":"Chirurg - Thessaloniki - Dr. med. Dimitrios Kanellos - Proktologe","isPartOf":{"@id":"https:\/\/www.kanellos.gr\/#website"},"primaryImageOfPage":{"@id":"https:\/\/www.kanellos.gr\/de\/#primaryimage"},"image":{"@id":"https:\/\/www.kanellos.gr\/de\/#primaryimage"},"thumbnailUrl":"http:\/\/www.kanellos.gr\/wp-content\/uploads\/2025\/05\/DSC_8422-L2-668x1024.jpg","datePublished":"2014-03-17T15:06:48+00:00","dateModified":"2026-04-09T10:37:15+00:00","description":"Allgemeine Chirurgie, minimal invasive Chirurgie (laparoskopische Chirurgie) und Proktologie. Dr. med. Dimitrios Kanellos, Facharzt f\u00fcr Chirurgie und Proktologe (Zentrum f\u00fcr Minimal Invasive Chirurgie und Proktologisches Zentrum) in Thessaloniki, Griechenland.","breadcrumb":{"@id":"https:\/\/www.kanellos.gr\/de\/#breadcrumb"},"inLanguage":"de","potentialAction":[{"@type":"ReadAction","target":["https:\/\/www.kanellos.gr\/de\/"]}]},{"@type":"ImageObject","inLanguage":"de","@id":"https:\/\/www.kanellos.gr\/de\/#primaryimage","url":"http:\/\/www.kanellos.gr\/wp-content\/uploads\/2025\/05\/DSC_8422-L2-668x1024.jpg","contentUrl":"http:\/\/www.kanellos.gr\/wp-content\/uploads\/2025\/05\/DSC_8422-L2-668x1024.jpg"},{"@type":"BreadcrumbList","@id":"https:\/\/www.kanellos.gr\/de\/#breadcrumb","itemListElement":[{"@type":"ListItem","position":1,"name":"Home","item":"https:\/\/www.kanellos.gr\/de\/"},{"@type":"ListItem","position":2,"name":"Startseite"}]},{"@type":"WebSite","@id":"https:\/\/www.kanellos.gr\/#website","url":"https:\/\/www.kanellos.gr\/","name":"\u03a7\u03b5\u03b9\u03c1\u03bf\u03c5\u03c1\u03b3\u03cc\u03c2 \u03c3\u03c4\u03b7 \u0398\u03b5\u03c3\u03c3\u03b1\u03bb\u03bf\u03bd\u03af\u03ba\u03b7 \/ Dr. \u0394\u03b7\u03bc\u03ae\u03c4\u03c1\u03b9\u03bf\u03c2 \u039a\u03b1\u03bd\u03ad\u03bb\u03bb\u03bf\u03c2","description":"","potentialAction":[{"@type":"SearchAction","target":{"@type":"EntryPoint","urlTemplate":"https:\/\/www.kanellos.gr\/?s={search_term_string}"},"query-input":{"@type":"PropertyValueSpecification","valueRequired":true,"valueName":"search_term_string"}}],"inLanguage":"de"}]}},"_links":{"self":[{"href":"http:\/\/www.kanellos.gr\/de\/wp-json\/wp\/v2\/pages\/5371","targetHints":{"allow":["GET"]}}],"collection":[{"href":"http:\/\/www.kanellos.gr\/de\/wp-json\/wp\/v2\/pages"}],"about":[{"href":"http:\/\/www.kanellos.gr\/de\/wp-json\/wp\/v2\/types\/page"}],"author":[{"embeddable":true,"href":"http:\/\/www.kanellos.gr\/de\/wp-json\/wp\/v2\/users\/1"}],"replies":[{"embeddable":true,"href":"http:\/\/www.kanellos.gr\/de\/wp-json\/wp\/v2\/comments?post=5371"}],"version-history":[{"count":6,"href":"http:\/\/www.kanellos.gr\/de\/wp-json\/wp\/v2\/pages\/5371\/revisions"}],"predecessor-version":[{"id":12775,"href":"http:\/\/www.kanellos.gr\/de\/wp-json\/wp\/v2\/pages\/5371\/revisions\/12775"}],"wp:attachment":[{"href":"http:\/\/www.kanellos.gr\/de\/wp-json\/wp\/v2\/media?parent=5371"}],"curies":[{"name":"wp","href":"https:\/\/api.w.org\/{rel}","templated":true}]}}